{"id":1160,"date":"2024-10-11T17:43:44","date_gmt":"2024-10-11T15:43:44","guid":{"rendered":"https:\/\/execed.unil.ch\/lp\/?page_id=1160"},"modified":"2024-11-08T10:49:17","modified_gmt":"2024-11-08T09:49:17","slug":"inscription-beyond","status":"publish","type":"page","link":"https:\/\/execed.unil.ch\/lp\/inscription-beyond\/","title":{"rendered":"Inscription \u00e0 l&rsquo;\u00e9v\u00e9nement | HEC Lausanne"},"content":{"rendered":"","protected":false},"excerpt":{"rendered":"","protected":false},"author":1,"featured_media":0,"parent":0,"menu_order":0,"comment_status":"closed","ping_status":"closed","template":"","meta":{"footnotes":""},"class_list":["post-1160","page","type-page","status-publish","hentry"],"_links":{"self":[{"href":"https:\/\/execed.unil.ch\/lp\/wp-json\/wp\/v2\/pages\/1160","targetHints":{"allow":["GET"]}}],"collection":[{"href":"https:\/\/execed.unil.ch\/lp\/wp-json\/wp\/v2\/pages"}],"about":[{"href":"https:\/\/execed.unil.ch\/lp\/wp-json\/wp\/v2\/types\/page"}],"author":[{"embeddable":true,"href":"https:\/\/execed.unil.ch\/lp\/wp-json\/wp\/v2\/users\/1"}],"replies":[{"embeddable":true,"href":"https:\/\/execed.unil.ch\/lp\/wp-json\/wp\/v2\/comments?post=1160"}],"version-history":[{"count":1,"href":"https:\/\/execed.unil.ch\/lp\/wp-json\/wp\/v2\/pages\/1160\/revisions"}],"predecessor-version":[{"id":1275,"href":"https:\/\/execed.unil.ch\/lp\/wp-json\/wp\/v2\/pages\/1160\/revisions\/1275"}],"wp:attachment":[{"href":"https:\/\/execed.unil.ch\/lp\/wp-json\/wp\/v2\/media?parent=1160"}],"curies":[{"name":"wp","href":"https:\/\/api.w.org\/{rel}","templated":true}]}}